{"id":14302,"date":"2024-05-22T10:45:20","date_gmt":"2024-05-22T10:45:20","guid":{"rendered":"https:\/\/www.notariasantamarina.es\/?page_id=14302"},"modified":"2025-09-11T14:58:11","modified_gmt":"2025-09-11T14:58:11","slug":"aranceles-notaria-tarifas-precios-2024","status":"publish","type":"page","link":"https:\/\/www.notariasantamarina.es\/index.php\/aranceles-notaria-tarifas-precios-2024\/","title":{"rendered":"Aranceles"},"content":{"rendered":"\t\t<div data-elementor-type=\"wp-page\" data-elementor-id=\"14302\" class=\"elementor elementor-14302\" data-elementor-post-type=\"page\">\n\t\t\t\t<div class=\"elementor-element elementor-element-7eef384 e-con-full e-flex e-con e-parent\" data-id=\"7eef384\" data-element_type=\"container\">\n\t\t<div class=\"elementor-element elementor-element-9f68669 e-con-full e-flex e-con e-child\" data-id=\"9f68669\" data-element_type=\"container\" data-settings=\"{&quot;background_background&quot;:&quot;classic&quot;}\">\n\t\t\t\t<div class=\"elementor-element elementor-element-b279f4f elementor-widget elementor-widget-image\" data-id=\"b279f4f\" data-element_type=\"widget\" data-widget_type=\"image.default\">\n\t\t\t\t<div class=\"elementor-widget-container\">\n\t\t\t\t\t\t\t\t\t\t\t\t\t<img fetchpriority=\"high\" decoding=\"async\" width=\"424\" height=\"288\" src=\"https:\/\/www.notariasantamarina.es\/wp-content\/uploads\/2024\/05\/contacto.jpg\" class=\"attachment-large size-large wp-image-14185\" alt=\"Contacto\" srcset=\"https:\/\/www.notariasantamarina.es\/wp-content\/uploads\/2024\/05\/contacto.jpg 424w, https:\/\/www.notariasantamarina.es\/wp-content\/uploads\/2024\/05\/contacto-300x204.jpg 300w\" sizes=\"(max-width: 424px) 100vw, 424px\" \/>\t\t\t\t\t\t\t\t\t\t\t\t\t<\/div>\n\t\t\t\t<\/div>\n\t\t\t\t<div class=\"elementor-element elementor-element-9bc98b6 elementor-widget elementor-widget-spacer\" data-id=\"9bc98b6\" data-element_type=\"widget\" data-widget_type=\"spacer.default\">\n\t\t\t\t<div class=\"elementor-widget-container\">\n\t\t\t\t\t<div class=\"elementor-spacer\">\n\t\t\t<div class=\"elementor-spacer-inner\"><\/div>\n\t\t<\/div>\n\t\t\t\t<\/div>\n\t\t\t\t<\/div>\n\t\t\t\t<div class=\"elementor-element elementor-element-abb2790 elementor-icon-list--layout-traditional elementor-list-item-link-full_width elementor-widget elementor-widget-icon-list\" data-id=\"abb2790\" data-element_type=\"widget\" data-widget_type=\"icon-list.default\">\n\t\t\t\t<div class=\"elementor-widget-container\">\n\t\t\t\t\t<ul class=\"elementor-icon-list-items\">\n\t\t\t\t\t\t\t<li class=\"elementor-icon-list-item\">\n\t\t\t\t\t\t\t\t\t\t\t<span class=\"elementor-icon-list-icon\">\n\t\t\t\t\t\t\t<svg aria-hidden=\"true\" class=\"e-font-icon-svg e-fas-phone-alt\" viewBox=\"0 0 512 512\" xmlns=\"http:\/\/www.w3.org\/2000\/svg\"><path d=\"M497.39 361.8l-112-48a24 24 0 0 0-28 6.9l-49.6 60.6A370.66 370.66 0 0 1 130.6 204.11l60.6-49.6a23.94 23.94 0 0 0 6.9-28l-48-112A24.16 24.16 0 0 0 122.6.61l-104 24A24 24 0 0 0 0 48c0 256.5 207.9 464 464 464a24 24 0 0 0 23.4-18.6l24-104a24.29 24.29 0 0 0-14.01-27.6z\"><\/path><\/svg>\t\t\t\t\t\t<\/span>\n\t\t\t\t\t\t\t\t\t\t<span class=\"elementor-icon-list-text\">Tlef. +34 924 09 06 59<\/span>\n\t\t\t\t\t\t\t\t\t<\/li>\n\t\t\t\t\t\t\t\t<li class=\"elementor-icon-list-item\">\n\t\t\t\t\t\t\t\t\t\t\t<span class=\"elementor-icon-list-icon\">\n\t\t\t\t\t\t\t<svg aria-hidden=\"true\" class=\"e-font-icon-svg e-fas-fax\" viewBox=\"0 0 512 512\" xmlns=\"http:\/\/www.w3.org\/2000\/svg\"><path d=\"M480 160V77.25a32 32 0 0 0-9.38-22.63L425.37 9.37A32 32 0 0 0 402.75 0H160a32 32 0 0 0-32 32v448a32 32 0 0 0 32 32h320a32 32 0 0 0 32-32V192a32 32 0 0 0-32-32zM288 432a16 16 0 0 1-16 16h-32a16 16 0 0 1-16-16v-32a16 16 0 0 1 16-16h32a16 16 0 0 1 16 16zm0-128a16 16 0 0 1-16 16h-32a16 16 0 0 1-16-16v-32a16 16 0 0 1 16-16h32a16 16 0 0 1 16 16zm128 128a16 16 0 0 1-16 16h-32a16 16 0 0 1-16-16v-32a16 16 0 0 1 16-16h32a16 16 0 0 1 16 16zm0-128a16 16 0 0 1-16 16h-32a16 16 0 0 1-16-16v-32a16 16 0 0 1 16-16h32a16 16 0 0 1 16 16zm0-112H192V64h160v48a16 16 0 0 0 16 16h48zM64 128H32a32 32 0 0 0-32 32v320a32 32 0 0 0 32 32h32a32 32 0 0 0 32-32V160a32 32 0 0 0-32-32z\"><\/path><\/svg>\t\t\t\t\t\t<\/span>\n\t\t\t\t\t\t\t\t\t\t<span class=\"elementor-icon-list-text\">Fax. +34 924 09 06 60<\/span>\n\t\t\t\t\t\t\t\t\t<\/li>\n\t\t\t\t\t\t\t\t<li class=\"elementor-icon-list-item\">\n\t\t\t\t\t\t\t\t\t\t\t<a href=\"mailto:consultas@notariabeatrizalonso.es\">\n\n\t\t\t\t\t\t\t\t\t\t\t\t<span class=\"elementor-icon-list-icon\">\n\t\t\t\t\t\t\t<svg aria-hidden=\"true\" class=\"e-font-icon-svg e-far-envelope\" viewBox=\"0 0 512 512\" xmlns=\"http:\/\/www.w3.org\/2000\/svg\"><path d=\"M464 64H48C21.49 64 0 85.49 0 112v288c0 26.51 21.49 48 48 48h416c26.51 0 48-21.49 48-48V112c0-26.51-21.49-48-48-48zm0 48v40.805c-22.422 18.259-58.168 46.651-134.587 106.49-16.841 13.247-50.201 45.072-73.413 44.701-23.208.375-56.579-31.459-73.413-44.701C106.18 199.465 70.425 171.067 48 152.805V112h416zM48 400V214.398c22.914 18.251 55.409 43.862 104.938 82.646 21.857 17.205 60.134 55.186 103.062 54.955 42.717.231 80.509-37.199 103.053-54.947 49.528-38.783 82.032-64.401 104.947-82.653V400H48z\"><\/path><\/svg>\t\t\t\t\t\t<\/span>\n\t\t\t\t\t\t\t\t\t\t<span class=\"elementor-icon-list-text\">notaria@notariasantamarina.com<\/span>\n\t\t\t\t\t\t\t\t\t\t\t<\/a>\n\t\t\t\t\t\t\t\t\t<\/li>\n\t\t\t\t\t\t\t\t<li class=\"elementor-icon-list-item\">\n\t\t\t\t\t\t\t\t\t\t\t<a href=\"https:\/\/maps.app.goo.gl\/ZZAswd1GWNNyvAhp8\">\n\n\t\t\t\t\t\t\t\t\t\t\t\t<span class=\"elementor-icon-list-icon\">\n\t\t\t\t\t\t\t<svg aria-hidden=\"true\" class=\"e-font-icon-svg e-fas-map\" viewBox=\"0 0 576 512\" xmlns=\"http:\/\/www.w3.org\/2000\/svg\"><path d=\"M0 117.66v346.32c0 11.32 11.43 19.06 21.94 14.86L160 416V32L20.12 87.95A32.006 32.006 0 0 0 0 117.66zM192 416l192 64V96L192 32v384zM554.06 33.16L416 96v384l139.88-55.95A31.996 31.996 0 0 0 576 394.34V48.02c0-11.32-11.43-19.06-21.94-14.86z\"><\/path><\/svg>\t\t\t\t\t\t<\/span>\n\t\t\t\t\t\t\t\t\t\t<span class=\"elementor-icon-list-text\">D\u00f3nde estamos<\/span>\n\t\t\t\t\t\t\t\t\t\t\t<\/a>\n\t\t\t\t\t\t\t\t\t<\/li>\n\t\t\t\t\t\t<\/ul>\n\t\t\t\t<\/div>\n\t\t\t\t<\/div>\n\t\t\t\t<div class=\"elementor-element elementor-element-ab9da73 elementor-widget-divider--view-line elementor-widget elementor-widget-divider\" data-id=\"ab9da73\" data-element_type=\"widget\" data-widget_type=\"divider.default\">\n\t\t\t\t<div class=\"elementor-widget-container\">\n\t\t\t\t\t<div class=\"elementor-divider\">\n\t\t\t<span class=\"elementor-divider-separator\">\n\t\t\t\t\t\t<\/span>\n\t\t<\/div>\n\t\t\t\t<\/div>\n\t\t\t\t<\/div>\n\t\t\t\t<div class=\"elementor-element elementor-element-3e81367 elementor-widget elementor-widget-text-editor\" data-id=\"3e81367\" data-element_type=\"widget\" data-widget_type=\"text-editor.default\">\n\t\t\t\t<div class=\"elementor-widget-container\">\n\t\t\t\t\t\t\t<p>No dude en acudir a nuestra Notar\u00eda, estamos aqu\u00ed para asesorarle.<\/p>\t\t\t\t\t\t<\/div>\n\t\t\t\t<\/div>\n\t\t\t\t<\/div>\n\t\t<div class=\"elementor-element elementor-element-7887555 e-con-full e-flex e-con e-child\" data-id=\"7887555\" data-element_type=\"container\">\n\t\t\t\t<div class=\"elementor-element elementor-element-24c474f split-breadcrumbs-y elementor-widget elementor-widget-the7-breadcrumb\" data-id=\"24c474f\" data-element_type=\"widget\" data-widget_type=\"the7-breadcrumb.default\">\n\t\t\t\t<div class=\"elementor-widget-container\">\n\t\t\t<div class=\"assistive-text\">Est\u00e1s aqu\u00ed:<\/div><ol class=\"breadcrumbs text-small rcrumbs\" itemscope itemtype=\"https:\/\/schema.org\/BreadcrumbList\"><li itemprop=\"itemListElement\" itemscope itemtype=\"https:\/\/schema.org\/ListItem\"><a itemprop=\"item\" href=\"https:\/\/www.notariasantamarina.es\/\" title=\"Inicio\"><span itemprop=\"name\">Inicio<\/span><\/a><meta itemprop=\"position\" content=\"1\" \/><\/li><li class=\"current\" itemprop=\"itemListElement\" itemscope itemtype=\"https:\/\/schema.org\/ListItem\"><span itemprop=\"name\">P\u00e1gina<\/span><meta itemprop=\"position\" content=\"2\" \/><\/li><\/ol>\t\t<\/div>\n\t\t\t\t<\/div>\n\t\t\t\t<div class=\"elementor-element elementor-element-cb5764f elementor-widget elementor-widget-text-editor\" data-id=\"cb5764f\" data-element_type=\"widget\" data-widget_type=\"text-editor.default\">\n\t\t\t\t<div class=\"elementor-widget-container\">\n\t\t\t\t\t\t\t<h2 class=\"uk-article-title\">Aranceles<\/h2><p>El coste de la escritura variar\u00e1 en cada caso concreto en funci\u00f3n de la cuant\u00eda de la operaci\u00f3n, extensi\u00f3n de la escritura y gastos que haga el Notario a cuenta del cliente como notas simples, certificados o copias solicitadas.<\/p><p><strong>Cons\u00faltenos y le daremos un presupuesto aproximado.<\/strong><\/p>\t\t\t\t\t\t<\/div>\n\t\t\t\t<\/div>\n\t\t\t\t<div class=\"elementor-element elementor-element-06c5708 elementor-widget-divider--view-line elementor-widget elementor-widget-divider\" data-id=\"06c5708\" data-element_type=\"widget\" data-widget_type=\"divider.default\">\n\t\t\t\t<div class=\"elementor-widget-container\">\n\t\t\t\t\t<div class=\"elementor-divider\">\n\t\t\t<span class=\"elementor-divider-separator\">\n\t\t\t\t\t\t<\/span>\n\t\t<\/div>\n\t\t\t\t<\/div>\n\t\t\t\t<\/div>\n\t\t\t\t<div class=\"elementor-element elementor-element-bb74f18 elementor-widget elementor-widget-text-editor\" data-id=\"bb74f18\" data-element_type=\"widget\" data-widget_type=\"text-editor.default\">\n\t\t\t\t<div class=\"elementor-widget-container\">\n\t\t\t\t\t\t\t<ul><li><span style=\"color: #4e2325;\"><a style=\"text-decoration: none; color: #4e2325;\" href=\"https:\/\/www.boe.es\/buscar\/act.php?id=BOE-A-1989-28111\" target=\"_blank\" rel=\"noopener noreferrer\">Escrituras, actas y testimonios: Real Decreto 1426\/1989, de 17 de Noviembre, por el que se aprueba el Arancel de los Notarios.<\/a><\/span><\/li><li><span style=\"color: #4e2325;\"><a style=\"text-decoration: none; color: #4e2325;\" href=\"https:\/\/www.notariasantamarina.es\/index.php\/aranceles\/2-uncategorised\/90-decreto-de-15-12-1950-sobre-aranceles-de-los-agentes-de-cambio-y-bolsa-y-corredores-colegiados-de-comercio\">P\u00f3lizas: Decreto de 15 de Diciembre de 1950, sobre Aranceles de los Agentes de Cambio y Bolsa y Corredores Colegiados de Comercio.<\/a><\/span><\/li><\/ul>\t\t\t\t\t\t<\/div>\n\t\t\t\t<\/div>\n\t\t\t\t<\/div>\n\t\t\t\t<\/div>\n\t\t\t\t<\/div>\n\t\t","protected":false},"excerpt":{"rendered":"<p>Tlef. +34 924 09 06 59 Fax. +34 924 09 06 60 notaria@notariasantamarina.com D\u00f3nde estamos No dude en acudir a nuestra Notar\u00eda, estamos aqu\u00ed para asesorarle. Est\u00e1s aqu\u00ed: Inicio P\u00e1gina Aranceles El coste de la escritura variar\u00e1 en cada caso concreto en funci\u00f3n de la cuant\u00eda de la operaci\u00f3n, extensi\u00f3n de la escritura y gastos&hellip;<\/p>\n","protected":false},"author":1,"featured_media":0,"parent":0,"menu_order":0,"comment_status":"closed","ping_status":"closed","template":"elementor_theme","meta":{"footnotes":""},"class_list":["post-14302","page","type-page","status-publish","hentry"],"yoast_head":"<!-- This site is optimized with the Yoast SEO Premium plugin v22.7 (Yoast SEO v25.7) - https:\/\/yoast.com\/wordpress\/plugins\/seo\/ -->\n<title>Aranceles - Notar\u00eda Santa Marina - Badajoz - Beatriz Alonso Jim\u00e9nez y M\u00ba del Rosario S0lo de Zaldivar Maldonado<\/title>\n<meta name=\"description\" content=\"Descubre los aranceles de notar\u00eda m\u00e1s competitivos y actualizados para 2024. Conoce nuestras tarifas y precios para servicios notariales\" \/>\n<meta name=\"robots\" content=\"index, follow, max-snippet:-1, max-image-preview:large, max-video-preview:-1\" \/>\n<link rel=\"canonical\" href=\"https:\/\/www.notariasantamarina.es\/index.php\/aranceles-notaria-tarifas-precios-2024\/\" \/>\n<meta property=\"og:locale\" content=\"es_ES\" \/>\n<meta property=\"og:type\" content=\"article\" \/>\n<meta property=\"og:title\" content=\"Aranceles\" \/>\n<meta property=\"og:description\" content=\"Descubre los aranceles de notar\u00eda m\u00e1s competitivos y actualizados para 2024. Conoce nuestras tarifas y precios para servicios notariales\" \/>\n<meta property=\"og:url\" content=\"https:\/\/www.notariasantamarina.es\/index.php\/aranceles-notaria-tarifas-precios-2024\/\" \/>\n<meta property=\"og:site_name\" content=\"Notar\u00eda Santa Marina - Badajoz - Beatriz Alonso Jim\u00e9nez y M\u00ba del Rosario S0lo de Zaldivar Maldonado\" \/>\n<meta property=\"article:modified_time\" content=\"2025-09-11T14:58:11+00:00\" \/>\n<meta property=\"og:image\" content=\"https:\/\/www.notariasantamarina.es\/wp-content\/uploads\/2024\/05\/contacto.jpg\" \/>\n\t<meta property=\"og:image:width\" content=\"424\" \/>\n\t<meta property=\"og:image:height\" content=\"288\" \/>\n\t<meta property=\"og:image:type\" content=\"image\/jpeg\" \/>\n<meta name=\"twitter:card\" content=\"summary_large_image\" \/>\n<meta name=\"twitter:label1\" content=\"Tiempo de lectura\" \/>\n\t<meta name=\"twitter:data1\" content=\"1 minuto\" \/>\n<script type=\"application\/ld+json\" class=\"yoast-schema-graph\">{\"@context\":\"https:\/\/schema.org\",\"@graph\":[{\"@type\":\"WebPage\",\"@id\":\"https:\/\/www.notariasantamarina.es\/index.php\/aranceles-notaria-tarifas-precios-2024\/\",\"url\":\"https:\/\/www.notariasantamarina.es\/index.php\/aranceles-notaria-tarifas-precios-2024\/\",\"name\":\"Aranceles - Notar\u00eda Santa Marina - Badajoz - Beatriz Alonso Jim\u00e9nez y M\u00ba del Rosario S0lo de Zaldivar Maldonado\",\"isPartOf\":{\"@id\":\"https:\/\/www.notariasantamarina.es\/#website\"},\"primaryImageOfPage\":{\"@id\":\"https:\/\/www.notariasantamarina.es\/index.php\/aranceles-notaria-tarifas-precios-2024\/#primaryimage\"},\"image\":{\"@id\":\"https:\/\/www.notariasantamarina.es\/index.php\/aranceles-notaria-tarifas-precios-2024\/#primaryimage\"},\"thumbnailUrl\":\"https:\/\/www.notariasantamarina.es\/wp-content\/uploads\/2024\/05\/contacto.jpg\",\"datePublished\":\"2024-05-22T10:45:20+00:00\",\"dateModified\":\"2025-09-11T14:58:11+00:00\",\"description\":\"Descubre los aranceles de notar\u00eda m\u00e1s competitivos y actualizados para 2024. Conoce nuestras tarifas y precios para servicios notariales\",\"breadcrumb\":{\"@id\":\"https:\/\/www.notariasantamarina.es\/index.php\/aranceles-notaria-tarifas-precios-2024\/#breadcrumb\"},\"inLanguage\":\"es\",\"potentialAction\":[{\"@type\":\"ReadAction\",\"target\":[\"https:\/\/www.notariasantamarina.es\/index.php\/aranceles-notaria-tarifas-precios-2024\/\"]}]},{\"@type\":\"ImageObject\",\"inLanguage\":\"es\",\"@id\":\"https:\/\/www.notariasantamarina.es\/index.php\/aranceles-notaria-tarifas-precios-2024\/#primaryimage\",\"url\":\"https:\/\/www.notariasantamarina.es\/wp-content\/uploads\/2024\/05\/contacto.jpg\",\"contentUrl\":\"https:\/\/www.notariasantamarina.es\/wp-content\/uploads\/2024\/05\/contacto.jpg\",\"width\":424,\"height\":288,\"caption\":\"Contacto\"},{\"@type\":\"BreadcrumbList\",\"@id\":\"https:\/\/www.notariasantamarina.es\/index.php\/aranceles-notaria-tarifas-precios-2024\/#breadcrumb\",\"itemListElement\":[{\"@type\":\"ListItem\",\"position\":1,\"name\":\"Inicio\",\"item\":\"https:\/\/www.notariasantamarina.es\/\"},{\"@type\":\"ListItem\",\"position\":2,\"name\":\"Aranceles\"}]},{\"@type\":\"WebSite\",\"@id\":\"https:\/\/www.notariasantamarina.es\/#website\",\"url\":\"https:\/\/www.notariasantamarina.es\/\",\"name\":\"Notar\u00eda Santa Marina - Badajoz - Beatriz Alonso Jim\u00e9nez y M\u00ba del Rosario S0lo de Zaldivar Maldonado\",\"description\":\"Notar\u00eda Santa Marina - Badajoz - Beatriz Alonso Jim\u00e9nez y M\u00ba del Rosario S0lo de Zaldivar Maldonado\",\"publisher\":{\"@id\":\"https:\/\/www.notariasantamarina.es\/#organization\"},\"potentialAction\":[{\"@type\":\"SearchAction\",\"target\":{\"@type\":\"EntryPoint\",\"urlTemplate\":\"https:\/\/www.notariasantamarina.es\/?s={search_term_string}\"},\"query-input\":{\"@type\":\"PropertyValueSpecification\",\"valueRequired\":true,\"valueName\":\"search_term_string\"}}],\"inLanguage\":\"es\"},{\"@type\":\"Organization\",\"@id\":\"https:\/\/www.notariasantamarina.es\/#organization\",\"name\":\"Notar\u00eda Santa Marina - Badajoz - Beatriz Alonso Jim\u00e9nez y M\u00ba del Rosario S0lo de Zaldivar Maldonado\",\"url\":\"https:\/\/www.notariasantamarina.es\/\",\"logo\":{\"@type\":\"ImageObject\",\"inLanguage\":\"es\",\"@id\":\"https:\/\/www.notariasantamarina.es\/#\/schema\/logo\/image\/\",\"url\":\"https:\/\/www.notariasantamarina.es\/wp-content\/uploads\/2024\/05\/Logo-Notaria-Santa-Marina.png\",\"contentUrl\":\"https:\/\/www.notariasantamarina.es\/wp-content\/uploads\/2024\/05\/Logo-Notaria-Santa-Marina.png\",\"width\":430,\"height\":125,\"caption\":\"Notar\u00eda Santa Marina - Badajoz - Beatriz Alonso Jim\u00e9nez y M\u00ba del Rosario S0lo de Zaldivar Maldonado\"},\"image\":{\"@id\":\"https:\/\/www.notariasantamarina.es\/#\/schema\/logo\/image\/\"}}]}<\/script>\n<!-- \/ Yoast SEO Premium plugin. -->","yoast_head_json":{"title":"Aranceles - Notar\u00eda Santa Marina - Badajoz - Beatriz Alonso Jim\u00e9nez y M\u00ba del Rosario S0lo de Zaldivar Maldonado","description":"Descubre los aranceles de notar\u00eda m\u00e1s competitivos y actualizados para 2024. Conoce nuestras tarifas y precios para servicios notariales","robots":{"index":"index","follow":"follow","max-snippet":"max-snippet:-1","max-image-preview":"max-image-preview:large","max-video-preview":"max-video-preview:-1"},"canonical":"https:\/\/www.notariasantamarina.es\/index.php\/aranceles-notaria-tarifas-precios-2024\/","og_locale":"es_ES","og_type":"article","og_title":"Aranceles","og_description":"Descubre los aranceles de notar\u00eda m\u00e1s competitivos y actualizados para 2024. Conoce nuestras tarifas y precios para servicios notariales","og_url":"https:\/\/www.notariasantamarina.es\/index.php\/aranceles-notaria-tarifas-precios-2024\/","og_site_name":"Notar\u00eda Santa Marina - Badajoz - Beatriz Alonso Jim\u00e9nez y M\u00ba del Rosario S0lo de Zaldivar Maldonado","article_modified_time":"2025-09-11T14:58:11+00:00","og_image":[{"width":424,"height":288,"url":"https:\/\/www.notariasantamarina.es\/wp-content\/uploads\/2024\/05\/contacto.jpg","type":"image\/jpeg"}],"twitter_card":"summary_large_image","twitter_misc":{"Tiempo de lectura":"1 minuto"},"schema":{"@context":"https:\/\/schema.org","@graph":[{"@type":"WebPage","@id":"https:\/\/www.notariasantamarina.es\/index.php\/aranceles-notaria-tarifas-precios-2024\/","url":"https:\/\/www.notariasantamarina.es\/index.php\/aranceles-notaria-tarifas-precios-2024\/","name":"Aranceles - Notar\u00eda Santa Marina - Badajoz - Beatriz Alonso Jim\u00e9nez y M\u00ba del Rosario S0lo de Zaldivar Maldonado","isPartOf":{"@id":"https:\/\/www.notariasantamarina.es\/#website"},"primaryImageOfPage":{"@id":"https:\/\/www.notariasantamarina.es\/index.php\/aranceles-notaria-tarifas-precios-2024\/#primaryimage"},"image":{"@id":"https:\/\/www.notariasantamarina.es\/index.php\/aranceles-notaria-tarifas-precios-2024\/#primaryimage"},"thumbnailUrl":"https:\/\/www.notariasantamarina.es\/wp-content\/uploads\/2024\/05\/contacto.jpg","datePublished":"2024-05-22T10:45:20+00:00","dateModified":"2025-09-11T14:58:11+00:00","description":"Descubre los aranceles de notar\u00eda m\u00e1s competitivos y actualizados para 2024. Conoce nuestras tarifas y precios para servicios notariales","breadcrumb":{"@id":"https:\/\/www.notariasantamarina.es\/index.php\/aranceles-notaria-tarifas-precios-2024\/#breadcrumb"},"inLanguage":"es","potentialAction":[{"@type":"ReadAction","target":["https:\/\/www.notariasantamarina.es\/index.php\/aranceles-notaria-tarifas-precios-2024\/"]}]},{"@type":"ImageObject","inLanguage":"es","@id":"https:\/\/www.notariasantamarina.es\/index.php\/aranceles-notaria-tarifas-precios-2024\/#primaryimage","url":"https:\/\/www.notariasantamarina.es\/wp-content\/uploads\/2024\/05\/contacto.jpg","contentUrl":"https:\/\/www.notariasantamarina.es\/wp-content\/uploads\/2024\/05\/contacto.jpg","width":424,"height":288,"caption":"Contacto"},{"@type":"BreadcrumbList","@id":"https:\/\/www.notariasantamarina.es\/index.php\/aranceles-notaria-tarifas-precios-2024\/#breadcrumb","itemListElement":[{"@type":"ListItem","position":1,"name":"Inicio","item":"https:\/\/www.notariasantamarina.es\/"},{"@type":"ListItem","position":2,"name":"Aranceles"}]},{"@type":"WebSite","@id":"https:\/\/www.notariasantamarina.es\/#website","url":"https:\/\/www.notariasantamarina.es\/","name":"Notar\u00eda Santa Marina - Badajoz - Beatriz Alonso Jim\u00e9nez y M\u00ba del Rosario S0lo de Zaldivar Maldonado","description":"Notar\u00eda Santa Marina - Badajoz - Beatriz Alonso Jim\u00e9nez y M\u00ba del Rosario S0lo de Zaldivar Maldonado","publisher":{"@id":"https:\/\/www.notariasantamarina.es\/#organization"},"potentialAction":[{"@type":"SearchAction","target":{"@type":"EntryPoint","urlTemplate":"https:\/\/www.notariasantamarina.es\/?s={search_term_string}"},"query-input":{"@type":"PropertyValueSpecification","valueRequired":true,"valueName":"search_term_string"}}],"inLanguage":"es"},{"@type":"Organization","@id":"https:\/\/www.notariasantamarina.es\/#organization","name":"Notar\u00eda Santa Marina - Badajoz - Beatriz Alonso Jim\u00e9nez y M\u00ba del Rosario S0lo de Zaldivar Maldonado","url":"https:\/\/www.notariasantamarina.es\/","logo":{"@type":"ImageObject","inLanguage":"es","@id":"https:\/\/www.notariasantamarina.es\/#\/schema\/logo\/image\/","url":"https:\/\/www.notariasantamarina.es\/wp-content\/uploads\/2024\/05\/Logo-Notaria-Santa-Marina.png","contentUrl":"https:\/\/www.notariasantamarina.es\/wp-content\/uploads\/2024\/05\/Logo-Notaria-Santa-Marina.png","width":430,"height":125,"caption":"Notar\u00eda Santa Marina - Badajoz - Beatriz Alonso Jim\u00e9nez y M\u00ba del Rosario S0lo de Zaldivar Maldonado"},"image":{"@id":"https:\/\/www.notariasantamarina.es\/#\/schema\/logo\/image\/"}}]}},"_links":{"self":[{"href":"https:\/\/www.notariasantamarina.es\/index.php\/wp-json\/wp\/v2\/pages\/14302","targetHints":{"allow":["GET"]}}],"collection":[{"href":"https:\/\/www.notariasantamarina.es\/index.php\/wp-json\/wp\/v2\/pages"}],"about":[{"href":"https:\/\/www.notariasantamarina.es\/index.php\/wp-json\/wp\/v2\/types\/page"}],"author":[{"embeddable":true,"href":"https:\/\/www.notariasantamarina.es\/index.php\/wp-json\/wp\/v2\/users\/1"}],"replies":[{"embeddable":true,"href":"https:\/\/www.notariasantamarina.es\/index.php\/wp-json\/wp\/v2\/comments?post=14302"}],"version-history":[{"count":19,"href":"https:\/\/www.notariasantamarina.es\/index.php\/wp-json\/wp\/v2\/pages\/14302\/revisions"}],"predecessor-version":[{"id":14773,"href":"https:\/\/www.notariasantamarina.es\/index.php\/wp-json\/wp\/v2\/pages\/14302\/revisions\/14773"}],"wp:attachment":[{"href":"https:\/\/www.notariasantamarina.es\/index.php\/wp-json\/wp\/v2\/media?parent=14302"}],"curies":[{"name":"wp","href":"https:\/\/api.w.org\/{rel}","templated":true}]}}