{"id":14173,"date":"2024-05-15T11:28:16","date_gmt":"2024-05-15T11:28:16","guid":{"rendered":"https:\/\/www.notariasantamarina.es\/?page_id=14173"},"modified":"2025-09-12T09:36:44","modified_gmt":"2025-09-12T09:36:44","slug":"politica-privacidad","status":"publish","type":"page","link":"https:\/\/www.notariasantamarina.es\/index.php\/politica-privacidad\/","title":{"rendered":"Pol\u00edtica Privacidad"},"content":{"rendered":"\t\t<div data-elementor-type=\"wp-page\" data-elementor-id=\"14173\" class=\"elementor elementor-14173\" data-elementor-post-type=\"page\">\n\t\t\t\t<div class=\"elementor-element elementor-element-5bbf4d6 e-flex e-con-boxed e-con e-parent\" data-id=\"5bbf4d6\" data-element_type=\"container\">\n\t\t\t\t\t<div class=\"e-con-inner\">\n\t\t<div class=\"elementor-element elementor-element-1dc5f0f e-flex e-con-boxed e-con e-child\" data-id=\"1dc5f0f\" data-element_type=\"container\">\n\t\t\t\t\t<div class=\"e-con-inner\">\n\t\t\t\t<div class=\"elementor-element elementor-element-479c7f0 elementor-widget elementor-widget-text-editor\" data-id=\"479c7f0\" data-element_type=\"widget\" data-widget_type=\"text-editor.default\">\n\t\t\t\t<div class=\"elementor-widget-container\">\n\t\t\t\t\t\t\t<h1 class=\"uk-article-title\">Pol\u00edtica de privacidad<\/h1><p>De conformidad con lo dispuesto en la Ley Org\u00e1nica 15\/1999, de Protecci\u00f3n de Datos de Car\u00e1cter Personal (LOPD) y su normativa de desarrollo, el responsable del sitio Web, en cumplimiento de lo dispuesto en el art. 5 y 6 de la LOPD, informa a todos los usuarios del sitio Web que faciliten o vayan a facilitar sus datos personales, que estos ser\u00e1n objeto de tratamiento automatizado e incorporados al correspondiente fichero automatizado<strong>\u00a0<\/strong>cuya titularidad corresponde a<strong> ALONSO &amp; SOLO DE ZALDIVAR ESPJ<\/strong>.<\/p><p>El usuario, mediante la marcaci\u00f3n de la casilla, acepta expresamente y de forma libre e inequ\u00edvoca que sus datos personales sean tratados por parte del prestador para realizar las siguientes finalidades:<\/p><ol><li>Remisi\u00f3n de comunicaciones comerciales publicitarias principalmente por email, o cualesquier otro medio electr\u00f3nico o f\u00edsico, presente o futuro, que posibilite realizar comunicaci\u00f3n comerciales. Dichas comunicaciones comerciales ser\u00e1n relacionadas sobre productos o servicios ofrecidos por el prestador, as\u00ed como por parte de los colaboradores o parthners con los que \u00e9ste hubiera alcanzado alg\u00fan acuerdo de promoci\u00f3n comercial entre sus clientes. En este caso, los terceros nunca tendr\u00e1n acceso a los datos personales. En todo caso las comunicaciones comerciales ser\u00e1n realizadas por parte del prestador y ser\u00e1n de productos y servicios relacionados con el sector del prestador.<\/li><li>Remitir el Bolet\u00edn de Noticias de la p\u00e1gina Web.<\/li><\/ol><p>ALONSO &amp; SOLO DE ZALDIVAR ESPJ recoge datos de car\u00e1cter personal a trav\u00e9s de sus formularios y de la inscripci\u00f3n al Bolet\u00edn de Noticias y Ofertas. Estos datos solicitados, son obligatorios, ya que son necesarios para la prestaci\u00f3n de un servicio \u00f3ptimo al usuario. En caso de que no sean facilitados todos los datos, el prestador no garantiza que la informaci\u00f3n y servicios facilitados sean completamente ajustados a sus necesidades. El usuario garantiza que los datos personales facilitados a ALONSO &amp; SOLO DE ZALDIVAR ESPJ son veraces y se hace responsable de comunicar cualquier modificaci\u00f3n en los mismos<\/p><p>Los usuarios tienen derechos reconocidos y podr\u00e1n ejercitar los Derechos de Acceso, Cancelaci\u00f3n, Rectificaci\u00f3n y Oposici\u00f3n, dirigiendo un escrito acompa\u00f1ado de documento que lo identifique, a trav\u00e9s de los siguientes medios:<\/p><p>1.\u00a0 Email:\u00a0<span id=\"cloakcaf9b84a40f49e00b207eb6150a8ecb5\"><a href=\"mailto:notaria@notariasantamarina.com\">notaria@notariasantamarina.com<\/a><\/span><\/p><p>2.\u00a0 Fax: +34 924 09 06 59<\/p><p>3.\u00a0 Correo Postal: Avda. Santa Marina, n\u00ba 1 &#8211; portal 3\u00a0 06005 Badajoz<\/p><p>Del mismo modo, el usuario podr\u00e1 darse de baja de cualquiera de los servicios de suscripci\u00f3n facilitados haciendo clic en el apartado darse de baja de todos los correos electr\u00f3nicos remitidos por parte del prestador.<\/p><p>Fuera de los casos legalmente establecidos, sus datos no ser\u00e1n comunicados ni cedidos a terceros sin su consentimiento expreso, y en caso de que la existencia de cesiones fuera necesaria para la prestaci\u00f3n de los servicios que nos solicite, usted ser\u00e1 informado de ello.<\/p><p>ALONSO &amp; SOLO DE ZALDIVAR ESPJ, ha adoptado todas las medidas t\u00e9cnicas y de organizaci\u00f3n necesarias para garantizar la seguridad e integridad de los datos de car\u00e1cter personal que trate, as\u00ed como para evitar su p\u00e9rdida, alteraci\u00f3n y\/o acceso por parte de terceros no autorizados.<\/p>\t\t\t\t\t\t<\/div>\n\t\t\t\t<\/div>\n\t\t\t\t\t<\/div>\n\t\t\t\t<\/div>\n\t\t\t\t\t<\/div>\n\t\t\t\t<\/div>\n\t\t\t\t<\/div>\n\t\t","protected":false},"excerpt":{"rendered":"<p>Pol\u00edtica de privacidad De conformidad con lo dispuesto en la Ley Org\u00e1nica 15\/1999, de Protecci\u00f3n de Datos de Car\u00e1cter Personal (LOPD) y su normativa de desarrollo, el responsable del sitio Web, en cumplimiento de lo dispuesto en el art. 5 y 6 de la LOPD, informa a todos los usuarios del sitio Web que faciliten&hellip;<\/p>\n","protected":false},"author":1,"featured_media":0,"parent":0,"menu_order":0,"comment_status":"closed","ping_status":"closed","template":"elementor_theme","meta":{"footnotes":""},"class_list":["post-14173","page","type-page","status-publish","hentry"],"yoast_head":"<!-- This site is optimized with the Yoast SEO Premium plugin v22.7 (Yoast SEO v25.7) - https:\/\/yoast.com\/wordpress\/plugins\/seo\/ -->\n<title>Pol\u00edtica Privacidad - Notar\u00eda Santa Marina - Badajoz - Beatriz Alonso Jim\u00e9nez y M\u00ba del Rosario S0lo de Zaldivar Maldonado<\/title>\n<meta name=\"description\" content=\"Inf\u00f3rmate sobre la pol\u00edtica de privacidad de la Notar\u00eda Beatriz Alonso. Aprende c\u00f3mo usamos cookies para ofrecerte una experiencia de usuario \u00f3ptima y segura\" \/>\n<meta name=\"robots\" content=\"index, follow, max-snippet:-1, max-image-preview:large, max-video-preview:-1\" \/>\n<link rel=\"canonical\" href=\"https:\/\/www.notariasantamarina.es\/index.php\/politica-privacidad\/\" \/>\n<meta property=\"og:locale\" content=\"es_ES\" \/>\n<meta property=\"og:type\" content=\"article\" \/>\n<meta property=\"og:title\" content=\"Pol\u00edtica Privacidad\" \/>\n<meta property=\"og:description\" content=\"Inf\u00f3rmate sobre la pol\u00edtica de privacidad de la Notar\u00eda Beatriz Alonso. Aprende c\u00f3mo usamos cookies para ofrecerte una experiencia de usuario \u00f3ptima y segura\" \/>\n<meta property=\"og:url\" content=\"https:\/\/www.notariasantamarina.es\/index.php\/politica-privacidad\/\" \/>\n<meta property=\"og:site_name\" content=\"Notar\u00eda Santa Marina - Badajoz - Beatriz Alonso Jim\u00e9nez y M\u00ba del Rosario S0lo de Zaldivar Maldonado\" \/>\n<meta property=\"article:modified_time\" content=\"2025-09-12T09:36:44+00:00\" \/>\n<meta name=\"twitter:card\" content=\"summary_large_image\" \/>\n<meta name=\"twitter:label1\" content=\"Tiempo de lectura\" \/>\n\t<meta name=\"twitter:data1\" content=\"3 minutos\" \/>\n<script type=\"application\/ld+json\" class=\"yoast-schema-graph\">{\"@context\":\"https:\/\/schema.org\",\"@graph\":[{\"@type\":\"WebPage\",\"@id\":\"https:\/\/www.notariasantamarina.es\/index.php\/politica-privacidad\/\",\"url\":\"https:\/\/www.notariasantamarina.es\/index.php\/politica-privacidad\/\",\"name\":\"Pol\u00edtica Privacidad - Notar\u00eda Santa Marina - Badajoz - Beatriz Alonso Jim\u00e9nez y M\u00ba del Rosario S0lo de Zaldivar Maldonado\",\"isPartOf\":{\"@id\":\"https:\/\/www.notariasantamarina.es\/#website\"},\"datePublished\":\"2024-05-15T11:28:16+00:00\",\"dateModified\":\"2025-09-12T09:36:44+00:00\",\"description\":\"Inf\u00f3rmate sobre la pol\u00edtica de privacidad de la Notar\u00eda Beatriz Alonso. Aprende c\u00f3mo usamos cookies para ofrecerte una experiencia de usuario \u00f3ptima y segura\",\"breadcrumb\":{\"@id\":\"https:\/\/www.notariasantamarina.es\/index.php\/politica-privacidad\/#breadcrumb\"},\"inLanguage\":\"es\",\"potentialAction\":[{\"@type\":\"ReadAction\",\"target\":[\"https:\/\/www.notariasantamarina.es\/index.php\/politica-privacidad\/\"]}]},{\"@type\":\"BreadcrumbList\",\"@id\":\"https:\/\/www.notariasantamarina.es\/index.php\/politica-privacidad\/#breadcrumb\",\"itemListElement\":[{\"@type\":\"ListItem\",\"position\":1,\"name\":\"Inicio\",\"item\":\"https:\/\/www.notariasantamarina.es\/\"},{\"@type\":\"ListItem\",\"position\":2,\"name\":\"Pol\u00edtica Privacidad\"}]},{\"@type\":\"WebSite\",\"@id\":\"https:\/\/www.notariasantamarina.es\/#website\",\"url\":\"https:\/\/www.notariasantamarina.es\/\",\"name\":\"Notar\u00eda Santa Marina - Badajoz - Beatriz Alonso Jim\u00e9nez y M\u00ba del Rosario S0lo de Zaldivar Maldonado\",\"description\":\"Notar\u00eda Santa Marina - Badajoz - Beatriz Alonso Jim\u00e9nez y M\u00ba del Rosario S0lo de Zaldivar Maldonado\",\"publisher\":{\"@id\":\"https:\/\/www.notariasantamarina.es\/#organization\"},\"potentialAction\":[{\"@type\":\"SearchAction\",\"target\":{\"@type\":\"EntryPoint\",\"urlTemplate\":\"https:\/\/www.notariasantamarina.es\/?s={search_term_string}\"},\"query-input\":{\"@type\":\"PropertyValueSpecification\",\"valueRequired\":true,\"valueName\":\"search_term_string\"}}],\"inLanguage\":\"es\"},{\"@type\":\"Organization\",\"@id\":\"https:\/\/www.notariasantamarina.es\/#organization\",\"name\":\"Notar\u00eda Santa Marina - Badajoz - Beatriz Alonso Jim\u00e9nez y M\u00ba del Rosario S0lo de Zaldivar Maldonado\",\"url\":\"https:\/\/www.notariasantamarina.es\/\",\"logo\":{\"@type\":\"ImageObject\",\"inLanguage\":\"es\",\"@id\":\"https:\/\/www.notariasantamarina.es\/#\/schema\/logo\/image\/\",\"url\":\"https:\/\/www.notariasantamarina.es\/wp-content\/uploads\/2024\/05\/Logo-Notaria-Santa-Marina.png\",\"contentUrl\":\"https:\/\/www.notariasantamarina.es\/wp-content\/uploads\/2024\/05\/Logo-Notaria-Santa-Marina.png\",\"width\":430,\"height\":125,\"caption\":\"Notar\u00eda Santa Marina - Badajoz - Beatriz Alonso Jim\u00e9nez y M\u00ba del Rosario S0lo de Zaldivar Maldonado\"},\"image\":{\"@id\":\"https:\/\/www.notariasantamarina.es\/#\/schema\/logo\/image\/\"}}]}<\/script>\n<!-- \/ Yoast SEO Premium plugin. -->","yoast_head_json":{"title":"Pol\u00edtica Privacidad - Notar\u00eda Santa Marina - Badajoz - Beatriz Alonso Jim\u00e9nez y M\u00ba del Rosario S0lo de Zaldivar Maldonado","description":"Inf\u00f3rmate sobre la pol\u00edtica de privacidad de la Notar\u00eda Beatriz Alonso. Aprende c\u00f3mo usamos cookies para ofrecerte una experiencia de usuario \u00f3ptima y segura","robots":{"index":"index","follow":"follow","max-snippet":"max-snippet:-1","max-image-preview":"max-image-preview:large","max-video-preview":"max-video-preview:-1"},"canonical":"https:\/\/www.notariasantamarina.es\/index.php\/politica-privacidad\/","og_locale":"es_ES","og_type":"article","og_title":"Pol\u00edtica Privacidad","og_description":"Inf\u00f3rmate sobre la pol\u00edtica de privacidad de la Notar\u00eda Beatriz Alonso. Aprende c\u00f3mo usamos cookies para ofrecerte una experiencia de usuario \u00f3ptima y segura","og_url":"https:\/\/www.notariasantamarina.es\/index.php\/politica-privacidad\/","og_site_name":"Notar\u00eda Santa Marina - Badajoz - Beatriz Alonso Jim\u00e9nez y M\u00ba del Rosario S0lo de Zaldivar Maldonado","article_modified_time":"2025-09-12T09:36:44+00:00","twitter_card":"summary_large_image","twitter_misc":{"Tiempo de lectura":"3 minutos"},"schema":{"@context":"https:\/\/schema.org","@graph":[{"@type":"WebPage","@id":"https:\/\/www.notariasantamarina.es\/index.php\/politica-privacidad\/","url":"https:\/\/www.notariasantamarina.es\/index.php\/politica-privacidad\/","name":"Pol\u00edtica Privacidad - Notar\u00eda Santa Marina - Badajoz - Beatriz Alonso Jim\u00e9nez y M\u00ba del Rosario S0lo de Zaldivar Maldonado","isPartOf":{"@id":"https:\/\/www.notariasantamarina.es\/#website"},"datePublished":"2024-05-15T11:28:16+00:00","dateModified":"2025-09-12T09:36:44+00:00","description":"Inf\u00f3rmate sobre la pol\u00edtica de privacidad de la Notar\u00eda Beatriz Alonso. Aprende c\u00f3mo usamos cookies para ofrecerte una experiencia de usuario \u00f3ptima y segura","breadcrumb":{"@id":"https:\/\/www.notariasantamarina.es\/index.php\/politica-privacidad\/#breadcrumb"},"inLanguage":"es","potentialAction":[{"@type":"ReadAction","target":["https:\/\/www.notariasantamarina.es\/index.php\/politica-privacidad\/"]}]},{"@type":"BreadcrumbList","@id":"https:\/\/www.notariasantamarina.es\/index.php\/politica-privacidad\/#breadcrumb","itemListElement":[{"@type":"ListItem","position":1,"name":"Inicio","item":"https:\/\/www.notariasantamarina.es\/"},{"@type":"ListItem","position":2,"name":"Pol\u00edtica Privacidad"}]},{"@type":"WebSite","@id":"https:\/\/www.notariasantamarina.es\/#website","url":"https:\/\/www.notariasantamarina.es\/","name":"Notar\u00eda Santa Marina - Badajoz - Beatriz Alonso Jim\u00e9nez y M\u00ba del Rosario S0lo de Zaldivar Maldonado","description":"Notar\u00eda Santa Marina - Badajoz - Beatriz Alonso Jim\u00e9nez y M\u00ba del Rosario S0lo de Zaldivar Maldonado","publisher":{"@id":"https:\/\/www.notariasantamarina.es\/#organization"},"potentialAction":[{"@type":"SearchAction","target":{"@type":"EntryPoint","urlTemplate":"https:\/\/www.notariasantamarina.es\/?s={search_term_string}"},"query-input":{"@type":"PropertyValueSpecification","valueRequired":true,"valueName":"search_term_string"}}],"inLanguage":"es"},{"@type":"Organization","@id":"https:\/\/www.notariasantamarina.es\/#organization","name":"Notar\u00eda Santa Marina - Badajoz - Beatriz Alonso Jim\u00e9nez y M\u00ba del Rosario S0lo de Zaldivar Maldonado","url":"https:\/\/www.notariasantamarina.es\/","logo":{"@type":"ImageObject","inLanguage":"es","@id":"https:\/\/www.notariasantamarina.es\/#\/schema\/logo\/image\/","url":"https:\/\/www.notariasantamarina.es\/wp-content\/uploads\/2024\/05\/Logo-Notaria-Santa-Marina.png","contentUrl":"https:\/\/www.notariasantamarina.es\/wp-content\/uploads\/2024\/05\/Logo-Notaria-Santa-Marina.png","width":430,"height":125,"caption":"Notar\u00eda Santa Marina - Badajoz - Beatriz Alonso Jim\u00e9nez y M\u00ba del Rosario S0lo de Zaldivar Maldonado"},"image":{"@id":"https:\/\/www.notariasantamarina.es\/#\/schema\/logo\/image\/"}}]}},"_links":{"self":[{"href":"https:\/\/www.notariasantamarina.es\/index.php\/wp-json\/wp\/v2\/pages\/14173","targetHints":{"allow":["GET"]}}],"collection":[{"href":"https:\/\/www.notariasantamarina.es\/index.php\/wp-json\/wp\/v2\/pages"}],"about":[{"href":"https:\/\/www.notariasantamarina.es\/index.php\/wp-json\/wp\/v2\/types\/page"}],"author":[{"embeddable":true,"href":"https:\/\/www.notariasantamarina.es\/index.php\/wp-json\/wp\/v2\/users\/1"}],"replies":[{"embeddable":true,"href":"https:\/\/www.notariasantamarina.es\/index.php\/wp-json\/wp\/v2\/comments?post=14173"}],"version-history":[{"count":13,"href":"https:\/\/www.notariasantamarina.es\/index.php\/wp-json\/wp\/v2\/pages\/14173\/revisions"}],"predecessor-version":[{"id":14792,"href":"https:\/\/www.notariasantamarina.es\/index.php\/wp-json\/wp\/v2\/pages\/14173\/revisions\/14792"}],"wp:attachment":[{"href":"https:\/\/www.notariasantamarina.es\/index.php\/wp-json\/wp\/v2\/media?parent=14173"}],"curies":[{"name":"wp","href":"https:\/\/api.w.org\/{rel}","templated":true}]}}